{"id":17,"date":"2024-10-24T10:51:26","date_gmt":"2024-10-24T10:51:26","guid":{"rendered":"https:\/\/test.saintdenisfoot.fr\/?page_id=17"},"modified":"2026-03-26T12:37:49","modified_gmt":"2026-03-26T12:37:49","slug":"evenements","status":"publish","type":"page","link":"https:\/\/saintdenisfoot.fr\/index.php\/evenements\/","title":{"rendered":"\u00c9v\u00e8nements"},"content":{"rendered":"\n<div class=\"wp-block-cover alignfull is-light\" style=\"padding-top:2%;min-height:327px;aspect-ratio:unset;\"><img decoding=\"async\" class=\"wp-block-cover__image-background wp-image-3039\" alt=\"\" src=\"https:\/\/tyler.com\/wp-content\/uploads\/2023\/11\/island-contact-banner.jpg\" style=\"object-position:50% 100%\" data-object-fit=\"cover\" data-object-position=\"50% 100%\"\/><span aria-hidden=\"true\" class=\"wp-block-cover__background has-background-dim-100 has-background-dim\" style=\"background-color:#ececec\"><\/span><div class=\"wp-block-cover__inner-container has-global-padding is-layout-constrained wp-container-core-cover-is-layout-ee51f2d2 wp-block-cover-is-layout-constrained\">\n<h1 class=\"wp-block-heading has-text-align-center has-text-color\" style=\"color:#262f4c;margin-top:0rem;margin-bottom:1.01rem;font-size:clamp(1.743rem, 1.743rem + ((1vw - 0.2rem) * 2.958), 3rem);font-style:normal;font-weight:400;line-height:1;text-transform:uppercase\"><strong>\u00c9V\u00e8nements<\/strong><\/h1>\n\n\n\n<hr class=\"wp-block-separator has-text-color has-alpha-channel-opacity has-background\" style=\"background-color:#262f4c;color:#262f4c\"\/>\n<\/div><\/div>\n\n\n\n<div style=\"height:25px\" aria-hidden=\"true\" class=\"wp-block-spacer\"><\/div>\n\n\n\n<p class=\"has-text-color has-link-color wp-elements-b21797ca40feff5b48b692aff69418ca\" style=\"color:#262f4c;font-style:normal;font-weight:300\">Diff\u00e9rents \u00e9v\u00e8nements font vivre notre club au cours de l\u2019ann\u00e9e. Notre commission f\u00eates, accompagn\u00e9e de b\u00e9n\u00e9voles, a le plaisir d\u2019organiser les manifestations ! Nous vous attendons nombreux et nombreuses sur chaque \u00e9v\u00e8nement !<\/p>\n\n\n\n<div style=\"height:25px\" aria-hidden=\"true\" class=\"wp-block-spacer\"><\/div>\n\n\n\n<div class=\"wp-block-columns alignwide is-layout-flex wp-container-core-columns-is-layout-85231905 wp-block-columns-is-layout-flex\">\n<div class=\"wp-block-column is-layout-flow wp-block-column-is-layout-flow\" style=\"flex-basis:40%\">\n<div style=\"height:15px\" aria-hidden=\"true\" class=\"wp-block-spacer\"><\/div>\n\n\n\n<p class=\"has-text-color has-link-color wp-elements-8b2b8c3c553a2dbc690a8ff2c7f36bac\" style=\"color:#262f4c;font-style:normal;font-weight:500\"><strong>\u2022 REPAS DU FOOT<br><\/strong>Octobre 2025<\/p>\n\n\n\n<div style=\"height:10px\" aria-hidden=\"true\" class=\"wp-block-spacer\"><\/div>\n\n\n\n<p class=\"has-text-color has-link-color wp-elements-df8d1f06963b7a0eefc2508c6500ba49\" style=\"color:#262f4c;font-style:normal;font-weight:500\"><strong>\u2022 TOURNOI DE BELOTE<br><\/strong>Lundi 10 Novembre 2025<\/p>\n\n\n\n<div style=\"height:10px\" aria-hidden=\"true\" class=\"wp-block-spacer\"><\/div>\n\n\n\n<p class=\"has-text-color has-link-color wp-elements-64691cf1cbaad0dd2874734c9466acd6\" style=\"color:#262f4c;font-style:normal;font-weight:500\"><strong>\u2022 TOURNOI F\u00c9MININ<br><\/strong>Samedi 9 Mai 2026<\/p>\n\n\n\n<div style=\"height:10px\" aria-hidden=\"true\" class=\"wp-block-spacer\"><\/div>\n\n\n\n<p class=\"has-text-color has-link-color wp-elements-0a70af3549cfb1c3112bc1bc73e3d105\" style=\"color:#262f4c;font-style:normal;font-weight:500\"><strong>\u2022 TOURNOI DE QUINTE<br><\/strong>Jeudi 14 Mai 2026<\/p>\n<\/div>\n\n\n\n<div class=\"wp-block-column is-layout-flow wp-container-core-column-is-layout-60f61c71 wp-block-column-is-layout-flow\" style=\"padding-left:var(--wp--preset--spacing--50);flex-basis:60%\">\n<div class=\"wp-block-columns is-layout-flex wp-container-core-columns-is-layout-28f84493 wp-block-columns-is-layout-flex\">\n<div class=\"wp-block-column is-layout-flow wp-block-column-is-layout-flow\" style=\"flex-basis:50%\">\n<figure class=\"wp-block-image size-large\"><img loading=\"lazy\" decoding=\"async\" width=\"724\" height=\"1024\" src=\"https:\/\/saintdenisfoot.fr\/wp-content\/uploads\/2024\/10\/1000033712-724x1024.jpg\" alt=\"\" class=\"wp-image-1374\" srcset=\"https:\/\/saintdenisfoot.fr\/wp-content\/uploads\/2024\/10\/1000033712-724x1024.jpg 724w, https:\/\/saintdenisfoot.fr\/wp-content\/uploads\/2024\/10\/1000033712-212x300.jpg 212w, https:\/\/saintdenisfoot.fr\/wp-content\/uploads\/2024\/10\/1000033712-768x1086.jpg 768w, https:\/\/saintdenisfoot.fr\/wp-content\/uploads\/2024\/10\/1000033712-1086x1536.jpg 1086w, https:\/\/saintdenisfoot.fr\/wp-content\/uploads\/2024\/10\/1000033712-1448x2048.jpg 1448w, https:\/\/saintdenisfoot.fr\/wp-content\/uploads\/2024\/10\/1000033712-scaled.jpg 1810w\" sizes=\"auto, (max-width: 724px) 100vw, 724px\" \/><\/figure>\n<\/div>\n\n\n\n<div class=\"wp-block-column is-layout-flow wp-block-column-is-layout-flow\" style=\"flex-basis:50%\">\n<figure class=\"wp-block-image size-full\"><img decoding=\"async\" src=\"https:\/\/saintdenisfoot.fr\/wp-content\/uploads\/2024\/10\/1000036978.jpg\" alt=\"\" class=\"wp-image-1415\"\/><\/figure>\n<\/div>\n<\/div>\n<\/div>\n<\/div>\n\n\n\n<div style=\"height:30px\" aria-hidden=\"true\" class=\"wp-block-spacer\"><\/div>\n","protected":false},"excerpt":{"rendered":"<p>Diff\u00e9rents \u00e9v\u00e8nements font vivre notre club au cours de l\u2019ann\u00e9e. Notre commission f\u00eates, accompagn\u00e9e de b\u00e9n\u00e9voles, a le plaisir d\u2019organiser les manifestations ! Nous vous attendons nombreux et nombreuses sur chaque \u00e9v\u00e8nement ! \u2022 REPAS DU FOOTOctobre 2025 \u2022 TOURNOI DE BELOTELundi 10 Novembre 2025 \u2022 TOURNOI F\u00c9MININSamedi 9 Mai 2026 \u2022 TOURNOI DE QUINTEJeudi [&hellip;]<\/p>\n","protected":false},"author":1,"featured_media":0,"parent":0,"menu_order":0,"comment_status":"closed","ping_status":"closed","template":"","meta":{"footnotes":""},"class_list":["post-17","page","type-page","status-publish","hentry"],"_links":{"self":[{"href":"https:\/\/saintdenisfoot.fr\/index.php\/wp-json\/wp\/v2\/pages\/17","targetHints":{"allow":["GET"]}}],"collection":[{"href":"https:\/\/saintdenisfoot.fr\/index.php\/wp-json\/wp\/v2\/pages"}],"about":[{"href":"https:\/\/saintdenisfoot.fr\/index.php\/wp-json\/wp\/v2\/types\/page"}],"author":[{"embeddable":true,"href":"https:\/\/saintdenisfoot.fr\/index.php\/wp-json\/wp\/v2\/users\/1"}],"replies":[{"embeddable":true,"href":"https:\/\/saintdenisfoot.fr\/index.php\/wp-json\/wp\/v2\/comments?post=17"}],"version-history":[{"count":33,"href":"https:\/\/saintdenisfoot.fr\/index.php\/wp-json\/wp\/v2\/pages\/17\/revisions"}],"predecessor-version":[{"id":1435,"href":"https:\/\/saintdenisfoot.fr\/index.php\/wp-json\/wp\/v2\/pages\/17\/revisions\/1435"}],"wp:attachment":[{"href":"https:\/\/saintdenisfoot.fr\/index.php\/wp-json\/wp\/v2\/media?parent=17"}],"curies":[{"name":"wp","href":"https:\/\/api.w.org\/{rel}","templated":true}]}}