{"id":223,"date":"2024-10-28T10:40:55","date_gmt":"2024-10-28T10:40:55","guid":{"rendered":"https:\/\/test.saintdenisfoot.fr\/?page_id=223"},"modified":"2025-08-28T09:38:30","modified_gmt":"2025-08-28T09:38:30","slug":"plannings-bar-entrees-delegues-benevoles","status":"publish","type":"page","link":"https:\/\/saintdenisfoot.fr\/index.php\/le-club\/plannings-bar-entrees-delegues-benevoles\/","title":{"rendered":"Plannings (bar, entr\u00e9es, d\u00e9l\u00e9gu\u00e9s, b\u00e9n\u00e9voles)"},"content":{"rendered":"\n<div class=\"wp-block-cover alignfull is-light\" style=\"padding-top:2%;min-height:327px;aspect-ratio:unset;\"><img decoding=\"async\" class=\"wp-block-cover__image-background wp-image-3039\" alt=\"\" src=\"https:\/\/tyler.com\/wp-content\/uploads\/2023\/11\/island-contact-banner.jpg\" style=\"object-position:50% 100%\" data-object-fit=\"cover\" data-object-position=\"50% 100%\"\/><span aria-hidden=\"true\" class=\"wp-block-cover__background has-background-dim-100 has-background-dim\" style=\"background-color:#ececec\"><\/span><div class=\"wp-block-cover__inner-container has-global-padding is-layout-constrained wp-container-core-cover-is-layout-ee51f2d2 wp-block-cover-is-layout-constrained\">\n<h1 class=\"wp-block-heading has-text-align-center has-text-color\" style=\"color:#262f4c;margin-top:0rem;margin-bottom:1.01rem;font-size:clamp(1.743rem, 1.743rem + ((1vw - 0.2rem) * 2.958), 3rem);font-style:normal;font-weight:400;line-height:1;text-transform:uppercase\"><strong>PLANNINGs<\/strong> <strong>(BAR, entr\u00c9es, D\u00c9L\u00c9GU\u00c9S, B\u00c9N\u00c9VOLEs)<\/strong><\/h1>\n\n\n\n<hr class=\"wp-block-separator has-text-color has-alpha-channel-opacity has-background\" style=\"background-color:#262f4c;color:#262f4c\"\/>\n<\/div><\/div>\n\n\n\n<div style=\"height:25px\" aria-hidden=\"true\" class=\"wp-block-spacer\"><\/div>\n\n\n\n<figure class=\"wp-block-image size-large\"><a href=\"https:\/\/saintdenisfoot.fr\/wp-content\/uploads\/2025\/08\/Calendrier-Barmen-MATCH-ALLER-Saison-2025-2026.pdf\" target=\"_blank\" rel=\" noreferrer noopener\"><img loading=\"lazy\" decoding=\"async\" width=\"1024\" height=\"724\" src=\"https:\/\/saintdenisfoot.fr\/wp-content\/uploads\/2025\/08\/Calendrier-Barmen-MATCH-ALLER-Saison-2025-2026-1024x724.jpg\" alt=\"\" class=\"wp-image-1084\" srcset=\"https:\/\/saintdenisfoot.fr\/wp-content\/uploads\/2025\/08\/Calendrier-Barmen-MATCH-ALLER-Saison-2025-2026-1024x724.jpg 1024w, https:\/\/saintdenisfoot.fr\/wp-content\/uploads\/2025\/08\/Calendrier-Barmen-MATCH-ALLER-Saison-2025-2026-300x212.jpg 300w, https:\/\/saintdenisfoot.fr\/wp-content\/uploads\/2025\/08\/Calendrier-Barmen-MATCH-ALLER-Saison-2025-2026-768x543.jpg 768w, https:\/\/saintdenisfoot.fr\/wp-content\/uploads\/2025\/08\/Calendrier-Barmen-MATCH-ALLER-Saison-2025-2026-1536x1086.jpg 1536w, https:\/\/saintdenisfoot.fr\/wp-content\/uploads\/2025\/08\/Calendrier-Barmen-MATCH-ALLER-Saison-2025-2026.jpg 1755w\" sizes=\"auto, (max-width: 1024px) 100vw, 1024px\" \/><\/a><\/figure>\n\n\n\n<figure class=\"wp-block-image size-large\"><a href=\"https:\/\/saintdenisfoot.fr\/wp-content\/uploads\/2025\/08\/Calendrier-Barmen-MATCH-RETOUR-Saison-2025-2026.pdf\" target=\"_blank\" rel=\" noreferrer noopener\"><img loading=\"lazy\" decoding=\"async\" width=\"1024\" height=\"724\" src=\"https:\/\/saintdenisfoot.fr\/wp-content\/uploads\/2025\/08\/Calendrier-Barmen-MATCH-RETOUR-Saison-2025-2026-1024x724.jpg\" alt=\"\" class=\"wp-image-1085\" srcset=\"https:\/\/saintdenisfoot.fr\/wp-content\/uploads\/2025\/08\/Calendrier-Barmen-MATCH-RETOUR-Saison-2025-2026-1024x724.jpg 1024w, https:\/\/saintdenisfoot.fr\/wp-content\/uploads\/2025\/08\/Calendrier-Barmen-MATCH-RETOUR-Saison-2025-2026-300x212.jpg 300w, https:\/\/saintdenisfoot.fr\/wp-content\/uploads\/2025\/08\/Calendrier-Barmen-MATCH-RETOUR-Saison-2025-2026-768x543.jpg 768w, https:\/\/saintdenisfoot.fr\/wp-content\/uploads\/2025\/08\/Calendrier-Barmen-MATCH-RETOUR-Saison-2025-2026-1536x1086.jpg 1536w, https:\/\/saintdenisfoot.fr\/wp-content\/uploads\/2025\/08\/Calendrier-Barmen-MATCH-RETOUR-Saison-2025-2026.jpg 1755w\" sizes=\"auto, (max-width: 1024px) 100vw, 1024px\" \/><\/a><\/figure>\n\n\n\n<div style=\"height:30px\" aria-hidden=\"true\" class=\"wp-block-spacer\"><\/div>\n\n\n\n<figure class=\"wp-block-image size-large\"><a href=\"https:\/\/saintdenisfoot.fr\/wp-content\/uploads\/2025\/08\/Calendrier-des-entrees-Saison-2025-2026.pdf\" target=\"_blank\" rel=\" noreferrer noopener\"><img loading=\"lazy\" decoding=\"async\" width=\"1024\" height=\"450\" src=\"https:\/\/saintdenisfoot.fr\/wp-content\/uploads\/2025\/08\/Calendrier-des-entrees-Saison-2025-2026-1024x450.jpg\" alt=\"\" class=\"wp-image-1088\" srcset=\"https:\/\/saintdenisfoot.fr\/wp-content\/uploads\/2025\/08\/Calendrier-des-entrees-Saison-2025-2026-1024x450.jpg 1024w, https:\/\/saintdenisfoot.fr\/wp-content\/uploads\/2025\/08\/Calendrier-des-entrees-Saison-2025-2026-300x132.jpg 300w, https:\/\/saintdenisfoot.fr\/wp-content\/uploads\/2025\/08\/Calendrier-des-entrees-Saison-2025-2026-768x337.jpg 768w, https:\/\/saintdenisfoot.fr\/wp-content\/uploads\/2025\/08\/Calendrier-des-entrees-Saison-2025-2026-1536x675.jpg 1536w, https:\/\/saintdenisfoot.fr\/wp-content\/uploads\/2025\/08\/Calendrier-des-entrees-Saison-2025-2026.jpg 1746w\" sizes=\"auto, (max-width: 1024px) 100vw, 1024px\" \/><\/a><\/figure>\n\n\n\n<div style=\"height:30px\" aria-hidden=\"true\" class=\"wp-block-spacer\"><\/div>\n\n\n\n<figure class=\"wp-block-image size-large\"><a href=\"https:\/\/saintdenisfoot.fr\/wp-content\/uploads\/2025\/08\/Calendrier-Police-du-terrain-Saison-2025-2026.pdf\" target=\"_blank\" rel=\" noreferrer noopener\"><img loading=\"lazy\" decoding=\"async\" width=\"1024\" height=\"537\" src=\"https:\/\/saintdenisfoot.fr\/wp-content\/uploads\/2025\/08\/Calendrier-Police-du-terrain-Saison-2025-2026-1024x537.jpg\" alt=\"\" class=\"wp-image-1105\" srcset=\"https:\/\/saintdenisfoot.fr\/wp-content\/uploads\/2025\/08\/Calendrier-Police-du-terrain-Saison-2025-2026-1024x537.jpg 1024w, https:\/\/saintdenisfoot.fr\/wp-content\/uploads\/2025\/08\/Calendrier-Police-du-terrain-Saison-2025-2026-300x157.jpg 300w, https:\/\/saintdenisfoot.fr\/wp-content\/uploads\/2025\/08\/Calendrier-Police-du-terrain-Saison-2025-2026-768x403.jpg 768w, https:\/\/saintdenisfoot.fr\/wp-content\/uploads\/2025\/08\/Calendrier-Police-du-terrain-Saison-2025-2026-1536x806.jpg 1536w, https:\/\/saintdenisfoot.fr\/wp-content\/uploads\/2025\/08\/Calendrier-Police-du-terrain-Saison-2025-2026.jpg 1755w\" sizes=\"auto, (max-width: 1024px) 100vw, 1024px\" \/><\/a><\/figure>\n\n\n\n<div style=\"height:30px\" aria-hidden=\"true\" class=\"wp-block-spacer\"><\/div>\n\n\n\n<p><\/p>\n","protected":false},"excerpt":{"rendered":"","protected":false},"author":1,"featured_media":0,"parent":84,"menu_order":0,"comment_status":"closed","ping_status":"closed","template":"","meta":{"footnotes":""},"class_list":["post-223","page","type-page","status-publish","hentry"],"_links":{"self":[{"href":"https:\/\/saintdenisfoot.fr\/index.php\/wp-json\/wp\/v2\/pages\/223","targetHints":{"allow":["GET"]}}],"collection":[{"href":"https:\/\/saintdenisfoot.fr\/index.php\/wp-json\/wp\/v2\/pages"}],"about":[{"href":"https:\/\/saintdenisfoot.fr\/index.php\/wp-json\/wp\/v2\/types\/page"}],"author":[{"embeddable":true,"href":"https:\/\/saintdenisfoot.fr\/index.php\/wp-json\/wp\/v2\/users\/1"}],"replies":[{"embeddable":true,"href":"https:\/\/saintdenisfoot.fr\/index.php\/wp-json\/wp\/v2\/comments?post=223"}],"version-history":[{"count":17,"href":"https:\/\/saintdenisfoot.fr\/index.php\/wp-json\/wp\/v2\/pages\/223\/revisions"}],"predecessor-version":[{"id":1108,"href":"https:\/\/saintdenisfoot.fr\/index.php\/wp-json\/wp\/v2\/pages\/223\/revisions\/1108"}],"up":[{"embeddable":true,"href":"https:\/\/saintdenisfoot.fr\/index.php\/wp-json\/wp\/v2\/pages\/84"}],"wp:attachment":[{"href":"https:\/\/saintdenisfoot.fr\/index.php\/wp-json\/wp\/v2\/media?parent=223"}],"curies":[{"name":"wp","href":"https:\/\/api.w.org\/{rel}","templated":true}]}}