{"id":894,"date":"2025-04-16T08:10:38","date_gmt":"2025-04-16T08:10:38","guid":{"rendered":"https:\/\/saintdenisfoot.fr\/?page_id=894"},"modified":"2025-04-16T12:18:43","modified_gmt":"2025-04-16T12:18:43","slug":"nos-arbitres","status":"publish","type":"page","link":"https:\/\/saintdenisfoot.fr\/index.php\/le-club\/nos-arbitres\/","title":{"rendered":"Nos arbitres"},"content":{"rendered":"\n<div class=\"wp-block-cover alignfull is-light\" style=\"padding-top:2%;min-height:327px;aspect-ratio:unset;\"><img decoding=\"async\" class=\"wp-block-cover__image-background wp-image-3039\" alt=\"\" src=\"https:\/\/tyler.com\/wp-content\/uploads\/2023\/11\/island-contact-banner.jpg\" style=\"object-position:50% 100%\" data-object-fit=\"cover\" data-object-position=\"50% 100%\"\/><span aria-hidden=\"true\" class=\"wp-block-cover__background has-background-dim-100 has-background-dim\" style=\"background-color:#ececec\"><\/span><div class=\"wp-block-cover__inner-container has-global-padding is-layout-constrained wp-container-core-cover-is-layout-ee51f2d2 wp-block-cover-is-layout-constrained\">\n<h1 class=\"wp-block-heading has-text-align-center has-text-color\" style=\"color:#262f4c;margin-top:0rem;margin-bottom:1.01rem;font-size:clamp(1.743rem, 1.743rem + ((1vw - 0.2rem) * 2.958), 3rem);font-style:normal;font-weight:400;line-height:1;text-transform:uppercase\"><strong>NOS ARBITRES<\/strong><\/h1>\n\n\n\n<hr class=\"wp-block-separator has-text-color has-alpha-channel-opacity has-background\" style=\"background-color:#262f4c;color:#262f4c\"\/>\n<\/div><\/div>\n\n\n\n<div style=\"height:25px\" aria-hidden=\"true\" class=\"wp-block-spacer\"><\/div>\n\n\n\n<h2 class=\"wp-block-heading has-text-align-center has-medium-font-size\" style=\"font-style:normal;font-weight:300\"><strong>Sans eux, pas de match !<\/strong><\/h2>\n\n\n\n<div style=\"height:10px\" aria-hidden=\"true\" class=\"wp-block-spacer\"><\/div>\n\n\n\n<p style=\"font-style:normal;font-weight:300\">Nos arbitres sont les garants du respect des r\u00e8gles et du bon d\u00e9roulement des rencontres. Leur r\u00f4le est essentiel, bien que souvent m\u00e9connu ou sous-estim\u00e9. Dans un environnement o\u00f9 les \u00e9motions sont fortes, ils se tiennent debout, avec impartialit\u00e9 et courage, pour que chacun puisse jouer et profiter de sa passion dans un cadre juste et s\u00e9curis\u00e9.<\/p>\n\n\n\n<p style=\"font-style:normal;font-weight:300\">Nous sommes fiers de les avoir parmi nous et les remercions pour leur engagement au service du football et de l&rsquo;ESD ! Respectons-les, soutenons-les, et valorisons leur r\u00f4le indispensable ! \u26bd<\/p>\n\n\n\n<p style=\"font-style:normal;font-weight:300\"><strong><em>Vous \u00eates int\u00e9ress\u00e9(e) par l\u2019arbitrage ? Contactez S\u00e9bastien SIRET au 06 71 66 86 03 (r\u00e9f\u00e9rent arbitrage du club) ou rapprochez-vous de l\u2019un de nos arbitres !<\/em><\/strong><\/p>\n\n\n\n<div style=\"height:10px\" aria-hidden=\"true\" class=\"wp-block-spacer\"><\/div>\n\n\n\n<div class=\"wp-block-columns is-layout-flex wp-container-core-columns-is-layout-28f84493 wp-block-columns-is-layout-flex\">\n<div class=\"wp-block-column is-layout-flow wp-block-column-is-layout-flow\"><\/div>\n\n\n\n<div class=\"wp-block-column is-layout-flow wp-block-column-is-layout-flow\">\n<figure class=\"wp-block-image aligncenter size-full is-resized\"><img loading=\"lazy\" decoding=\"async\" width=\"1000\" height=\"1000\" src=\"https:\/\/saintdenisfoot.fr\/wp-content\/uploads\/2025\/04\/arbitre-gael.png\" alt=\"\" class=\"wp-image-912\" style=\"width:175px\" srcset=\"https:\/\/saintdenisfoot.fr\/wp-content\/uploads\/2025\/04\/arbitre-gael.png 1000w, https:\/\/saintdenisfoot.fr\/wp-content\/uploads\/2025\/04\/arbitre-gael-300x300.png 300w, https:\/\/saintdenisfoot.fr\/wp-content\/uploads\/2025\/04\/arbitre-gael-150x150.png 150w, https:\/\/saintdenisfoot.fr\/wp-content\/uploads\/2025\/04\/arbitre-gael-768x768.png 768w\" sizes=\"auto, (max-width: 1000px) 100vw, 1000px\" \/><\/figure>\n\n\n\n<p class=\"has-text-align-center has-text-color has-link-color wp-elements-e0b705f390801c02136a970484efe721\" style=\"color:#262f4c;font-style:normal;font-weight:300\"><strong>Ga\u00ebl REVELEAU<br><\/strong>Division 2<\/p>\n<\/div>\n\n\n\n<div class=\"wp-block-column is-vertically-aligned-center is-layout-flow wp-block-column-is-layout-flow\">\n<figure class=\"wp-block-image aligncenter size-full is-resized\"><img loading=\"lazy\" decoding=\"async\" width=\"1000\" height=\"1000\" src=\"https:\/\/saintdenisfoot.fr\/wp-content\/uploads\/2025\/04\/arbitre-kevin.png\" alt=\"\" class=\"wp-image-913\" style=\"width:175px\" srcset=\"https:\/\/saintdenisfoot.fr\/wp-content\/uploads\/2025\/04\/arbitre-kevin.png 1000w, https:\/\/saintdenisfoot.fr\/wp-content\/uploads\/2025\/04\/arbitre-kevin-300x300.png 300w, https:\/\/saintdenisfoot.fr\/wp-content\/uploads\/2025\/04\/arbitre-kevin-150x150.png 150w, https:\/\/saintdenisfoot.fr\/wp-content\/uploads\/2025\/04\/arbitre-kevin-768x768.png 768w\" sizes=\"auto, (max-width: 1000px) 100vw, 1000px\" \/><\/figure>\n\n\n\n<p class=\"has-text-align-center has-text-color has-link-color wp-elements-6056611a046202401c690327205a695c\" style=\"color:#262f4c;font-style:normal;font-weight:300\"><strong>K\u00e9vin REVELEAU<br><\/strong>Division 2<\/p>\n<\/div>\n\n\n\n<div class=\"wp-block-column is-layout-flow wp-block-column-is-layout-flow\"><\/div>\n<\/div>\n\n\n\n<div style=\"height:30px\" aria-hidden=\"true\" class=\"wp-block-spacer\"><\/div>\n","protected":false},"excerpt":{"rendered":"<p>Sans eux, pas de match ! Nos arbitres sont les garants du respect des r\u00e8gles et du bon d\u00e9roulement des rencontres. Leur r\u00f4le est essentiel, bien que souvent m\u00e9connu ou sous-estim\u00e9. Dans un environnement o\u00f9 les \u00e9motions sont fortes, ils se tiennent debout, avec impartialit\u00e9 et courage, pour que chacun puisse jouer et profiter de [&hellip;]<\/p>\n","protected":false},"author":1,"featured_media":0,"parent":84,"menu_order":0,"comment_status":"closed","ping_status":"closed","template":"","meta":{"footnotes":""},"class_list":["post-894","page","type-page","status-publish","hentry"],"_links":{"self":[{"href":"https:\/\/saintdenisfoot.fr\/index.php\/wp-json\/wp\/v2\/pages\/894","targetHints":{"allow":["GET"]}}],"collection":[{"href":"https:\/\/saintdenisfoot.fr\/index.php\/wp-json\/wp\/v2\/pages"}],"about":[{"href":"https:\/\/saintdenisfoot.fr\/index.php\/wp-json\/wp\/v2\/types\/page"}],"author":[{"embeddable":true,"href":"https:\/\/saintdenisfoot.fr\/index.php\/wp-json\/wp\/v2\/users\/1"}],"replies":[{"embeddable":true,"href":"https:\/\/saintdenisfoot.fr\/index.php\/wp-json\/wp\/v2\/comments?post=894"}],"version-history":[{"count":9,"href":"https:\/\/saintdenisfoot.fr\/index.php\/wp-json\/wp\/v2\/pages\/894\/revisions"}],"predecessor-version":[{"id":920,"href":"https:\/\/saintdenisfoot.fr\/index.php\/wp-json\/wp\/v2\/pages\/894\/revisions\/920"}],"up":[{"embeddable":true,"href":"https:\/\/saintdenisfoot.fr\/index.php\/wp-json\/wp\/v2\/pages\/84"}],"wp:attachment":[{"href":"https:\/\/saintdenisfoot.fr\/index.php\/wp-json\/wp\/v2\/media?parent=894"}],"curies":[{"name":"wp","href":"https:\/\/api.w.org\/{rel}","templated":true}]}}